{"id":41,"date":"2022-10-12T18:28:26","date_gmt":"2022-10-12T18:28:26","guid":{"rendered":"https:\/\/www.sts-network.org\/?page_id=41"},"modified":"2024-08-19T10:49:22","modified_gmt":"2024-08-19T10:49:22","slug":"rmm-notebook","status":"publish","type":"page","link":"https:\/\/www.sts-network.org\/?page_id=41","title":{"rendered":"RMM Notebook"},"content":{"rendered":"<p>[et_pb_section fb_built=&#8221;1&#8243; _builder_version=&#8221;4.18.0&#8243; _module_preset=&#8221;default&#8221; global_colors_info=&#8221;{}&#8221;][et_pb_row _builder_version=&#8221;4.18.0&#8243; _module_preset=&#8221;default&#8221; global_colors_info=&#8221;{}&#8221;][et_pb_column type=&#8221;4_4&#8243; _builder_version=&#8221;4.18.0&#8243; _module_preset=&#8221;default&#8221; global_colors_info=&#8221;{}&#8221;][et_pb_button button_url=&#8221;https:\/\/data.sts-network.org\/nextcloud\/index.php\/s\/B788ZLzpCXowTis\/download\/meshagent64-Sowi_Sch%C3%BCler_Notebook.exe&#8221; button_text=&#8221;RMM  NOTEBOOK&#8221; _builder_version=&#8221;4.18.0&#8243; _module_preset=&#8221;default&#8221; global_colors_info=&#8221;{}&#8221;][\/et_pb_button][\/et_pb_column][\/et_pb_row][et_pb_row _builder_version=&#8221;4.18.0&#8243; _module_preset=&#8221;default&#8221; global_colors_info=&#8221;{}&#8221;][et_pb_column type=&#8221;4_4&#8243; _builder_version=&#8221;4.18.0&#8243; _module_preset=&#8221;default&#8221; global_colors_info=&#8221;{}&#8221;][et_pb_text _builder_version=&#8221;4.18.0&#8243; _module_preset=&#8221;default&#8221; global_colors_info=&#8221;{}&#8221;]<\/p>\n<p>**ACHTUNG:**<\/p>\n<p>Dieser Download darf nur auf ausdr\u00fcckliche Anweisung des Administrators ausgef\u00fchrt werden.<\/p>\n<p>Es wird eine dauerhafte Fernbetreuung eingerichtet, die einen technischen Zugriff auf den Rechner ohne weitere R\u00fcckfrage erm\u00f6glicht.<\/p>\n<p>Durch den Download und die Installation dieser Datei stimmen Sie dieser Vereinbarung ausdr\u00fccklich zu.<\/p>\n<p>&nbsp;<\/p>\n<p>[\/et_pb_text][et_pb_text _builder_version=&#8221;4.18.0&#8243; _module_preset=&#8221;default&#8221; global_colors_info=&#8221;{}&#8221;]<\/p>\n<blockquote>\n<p>**WARNING:**<\/p>\n<p>This download should only be executed upon explicit instruction from the administrator.<\/p>\n<p>A permanent remote support setup will be established, allowing technical access to the computer without further notice.<\/p>\n<p>By downloading and installing this file, you explicitly agree to these terms.<\/p>\n<\/blockquote>\n<p>&nbsp;<\/p>\n<p>[\/et_pb_text][\/et_pb_column][\/et_pb_row][\/et_pb_section]<\/p>\n","protected":false},"excerpt":{"rendered":"<p>**ACHTUNG:** Dieser Download darf nur auf ausdr\u00fcckliche Anweisung des Administrators ausgef\u00fchrt werden. Es wird eine dauerhafte Fernbetreuung eingerichtet, die einen technischen Zugriff auf den Rechner ohne weitere R\u00fcckfrage erm\u00f6glicht. Durch den Download und die Installation dieser Datei stimmen Sie dieser Vereinbarung ausdr\u00fccklich zu. &nbsp; **WARNING:** This download should only be executed upon explicit instruction from [&hellip;]<\/p>\n","protected":false},"author":1,"featured_media":0,"parent":0,"menu_order":0,"comment_status":"closed","ping_status":"closed","template":"","meta":{"_et_pb_use_builder":"on","_et_pb_old_content":"","_et_gb_content_width":"","footnotes":""},"class_list":["post-41","page","type-page","status-publish","hentry"],"_links":{"self":[{"href":"https:\/\/www.sts-network.org\/index.php?rest_route=\/wp\/v2\/pages\/41"}],"collection":[{"href":"https:\/\/www.sts-network.org\/index.php?rest_route=\/wp\/v2\/pages"}],"about":[{"href":"https:\/\/www.sts-network.org\/index.php?rest_route=\/wp\/v2\/types\/page"}],"author":[{"embeddable":true,"href":"https:\/\/www.sts-network.org\/index.php?rest_route=\/wp\/v2\/users\/1"}],"replies":[{"embeddable":true,"href":"https:\/\/www.sts-network.org\/index.php?rest_route=%2Fwp%2Fv2%2Fcomments&post=41"}],"version-history":[{"count":5,"href":"https:\/\/www.sts-network.org\/index.php?rest_route=\/wp\/v2\/pages\/41\/revisions"}],"predecessor-version":[{"id":64,"href":"https:\/\/www.sts-network.org\/index.php?rest_route=\/wp\/v2\/pages\/41\/revisions\/64"}],"wp:attachment":[{"href":"https:\/\/www.sts-network.org\/index.php?rest_route=%2Fwp%2Fv2%2Fmedia&parent=41"}],"curies":[{"name":"wp","href":"https:\/\/api.w.org\/{rel}","templated":true}]}}