{"id":28,"date":"2022-09-09T06:08:56","date_gmt":"2022-09-09T06:08:56","guid":{"rendered":"https:\/\/www.sts-network.org\/?page_id=28"},"modified":"2024-08-19T10:57:18","modified_gmt":"2024-08-19T10:57:18","slug":"home","status":"publish","type":"page","link":"https:\/\/www.sts-network.org\/","title":{"rendered":"Home"},"content":{"rendered":"<p>[et_pb_section fb_built=&#8221;1&#8243; _builder_version=&#8221;4.18.0&#8243; _module_preset=&#8221;default&#8221; global_colors_info=&#8221;{}&#8221;][et_pb_row _builder_version=&#8221;4.18.0&#8243; _module_preset=&#8221;default&#8221; global_colors_info=&#8221;{}&#8221;][et_pb_column type=&#8221;4_4&#8243; _builder_version=&#8221;4.18.0&#8243; _module_preset=&#8221;default&#8221; global_colors_info=&#8221;{}&#8221;][et_pb_text _builder_version=&#8221;4.18.0&#8243; _module_preset=&#8221;default&#8221; global_colors_info=&#8221;{}&#8221;]<\/p>\n<p>Willkommen\u00a0<\/p>\n<p><span style=\"text-decoration: underline;\">STS-Network ist keine Firma.<\/span><\/p>\n<p>&nbsp;<\/p>\n<p><strong>Wichtiger Hinweis:<\/strong><\/p>\n<p>Diese Webseite stellt mir wichtige Tools zur Verf\u00fcgung, die nicht f\u00fcr den \u00f6ffentlichen Gebrauch bestimmt sind.<\/p>\n<p>Insbesondere das RMM-Tool ist f\u00fcr die dauerhafte Fernverwaltung von PCs konzipiert.<\/p>\n<p>Diese Tools verbinden sich mit meinen Servern und sind daher ohne meine Unterst\u00fctzung nutzlos. Es ist wichtig zu verstehen, dass das RMM-Tool mir uneingeschr\u00e4nkten Zugriff auf den PC gew\u00e4hrt.<\/p>\n<p>Die Nutzung dieser Tools ist auf einen einzigen Anwendungsfall beschr\u00e4nkt, der mit mir als Privatperson vereinbart ist.<\/p>\n<p>Ich \u00fcbernehme keine Haftung oder Verantwortung, wenn eines meiner Tools ohne meine ausdr\u00fcckliche Zustimmung verwendet wird. Diese Tools werden ausschlie\u00dflich auf expliziten Wunsch des Einzelnen von mir genutzt.<\/p>\n<p>Eine Nutzung au\u00dferhalb dieses vereinbarten Rahmens ohne meine Zustimmung ist nicht zul\u00e4ssig.<\/p>\n<p>Der Administrator<\/p>\n<p>&nbsp;<\/p>\n<p>[\/et_pb_text][\/et_pb_column][\/et_pb_row][\/et_pb_section]<\/p>\n","protected":false},"excerpt":{"rendered":"<p>Willkommen\u00a0 STS-Network ist keine Firma. &nbsp; Wichtiger Hinweis: Diese Webseite stellt mir wichtige Tools zur Verf\u00fcgung, die nicht f\u00fcr den \u00f6ffentlichen Gebrauch bestimmt sind. Insbesondere das RMM-Tool ist f\u00fcr die dauerhafte Fernverwaltung von PCs konzipiert. Diese Tools verbinden sich mit meinen Servern und sind daher ohne meine Unterst\u00fctzung nutzlos. Es ist wichtig zu verstehen, dass [&hellip;]<\/p>\n","protected":false},"author":1,"featured_media":0,"parent":0,"menu_order":0,"comment_status":"closed","ping_status":"closed","template":"","meta":{"_et_pb_use_builder":"on","_et_pb_old_content":"","_et_gb_content_width":"","footnotes":""},"class_list":["post-28","page","type-page","status-publish","hentry"],"_links":{"self":[{"href":"https:\/\/www.sts-network.org\/index.php?rest_route=\/wp\/v2\/pages\/28"}],"collection":[{"href":"https:\/\/www.sts-network.org\/index.php?rest_route=\/wp\/v2\/pages"}],"about":[{"href":"https:\/\/www.sts-network.org\/index.php?rest_route=\/wp\/v2\/types\/page"}],"author":[{"embeddable":true,"href":"https:\/\/www.sts-network.org\/index.php?rest_route=\/wp\/v2\/users\/1"}],"replies":[{"embeddable":true,"href":"https:\/\/www.sts-network.org\/index.php?rest_route=%2Fwp%2Fv2%2Fcomments&post=28"}],"version-history":[{"count":5,"href":"https:\/\/www.sts-network.org\/index.php?rest_route=\/wp\/v2\/pages\/28\/revisions"}],"predecessor-version":[{"id":67,"href":"https:\/\/www.sts-network.org\/index.php?rest_route=\/wp\/v2\/pages\/28\/revisions\/67"}],"wp:attachment":[{"href":"https:\/\/www.sts-network.org\/index.php?rest_route=%2Fwp%2Fv2%2Fmedia&parent=28"}],"curies":[{"name":"wp","href":"https:\/\/api.w.org\/{rel}","templated":true}]}}